{"id":13,"date":"2013-01-06T16:13:38","date_gmt":"2013-01-06T16:13:38","guid":{"rendered":"http:\/\/painonnosto.raisanen.org\/?page_id=13"},"modified":"2014-06-26T10:26:14","modified_gmt":"2014-06-26T08:26:14","slug":"painonnoston-hyodyt","status":"publish","type":"page","link":"https:\/\/painonnosto.raisanen.org\/?page_id=13","title":{"rendered":"Painonnoston hy\u00f6dyt"},"content":{"rendered":"<p>Painonnoston harjoitteita hyv\u00e4ksi k\u00e4ytt\u00e4en voidaan lis\u00e4t\u00e4 liikkuvuutta, korjata ep\u00e4tasapainoisen lihaksiston puutteita, lis\u00e4t\u00e4 voimaa ja kest\u00e4vyytt\u00e4 sek\u00e4 opettaa kehon hallintaa. Hyv\u00e4n ryhdin ja lihastasapainon tavoittelu sek\u00e4 oikean nostotavan oppiminen luovat ennen kaikkea edellytykset hyv\u00e4lle el\u00e4m\u00e4nlaadulle jokap\u00e4iv\u00e4isess\u00e4 el\u00e4m\u00e4ss\u00e4 ja toimivat loukkaantumisia ennaltaehk\u00e4isevin\u00e4 tekij\u00f6in\u00e4. Niiden tavoittelu on hyv\u00e4 l\u00e4ht\u00f6kohta voimaharjoitteluun ihan kenelle tahansa. Painonnoston harjoitteet ovat lis\u00e4ksi oivaa lihashuoltoa sek\u00e4 luuliikuntaa lis\u00e4ten luun tiheytt\u00e4 ja luun massaa. Motorinen kontrolli, jota painonnoston harjoitteilla parannetaan, on avain tehokkaaseen ja turvalliseen harjoitteluun ja huippusuorituksiin urheilussa.<\/p>\n<p>Tiivistetysti: painonnoston lajiliikkeill\u00e4 oheisharjoitteineen &#8211; osaavan valmentajan, opettajan tai ohjaajan opastuksella \u2013 kuntoilija ja urheilija voi parantaa ryhti\u00e4\u00e4n ja v\u00e4ltty\u00e4 loukkaantumisilta, kun liikkuvuus lis\u00e4\u00e4ntyy ja oppii hallitsemaan vartaloaan liikkeess\u00e4, oppia oikean nostotavan, hankkia voimaa tehokkaasti monipuolisilla yleisliikkeill\u00e4, saada elimist\u00f6st\u00e4\u00e4n ns. maksimaaliset tehot lihastasapainon (voima, liikkuvuus, koordinaatio) kehittymisen my\u00f6t\u00e4 irti liikunta\/urheilusuorituksessaan.<\/p>\n<p>Lue lis\u00e4\u00e4 &#8211;\u00a0<a href=\"http:\/\/painonnosto.raisanen.org\/wp-content\/uploads\/2013\/01\/Olympianostojen-eli-klassisen-painonnoston-hy\u00f6dyt.pdf\" target=\"_blank\">Olympianostojen eli klassisen painonnoston hy\u00f6dyt<\/a>\u00a0(pdf)<\/p>\n<p>Tieteellinen l\u00e4hestyminen: <a href=\"https:\/\/jyx.jyu.fi\/dspace\/bitstream\/handle\/123456789\/41522\/LBIA016%20Kivel%C3%A4%20Antti%20Painonnosto.pdf?sequence=1\" target=\"_blank\">PAINONNOSTON LAJIANALYYSI JA VALMENNUKSEN OHJELMOINTI<\/a><\/p>\n<p>Suomen Painonnostoliitto ry, osana Lasten Voimapiiri -projektia, perustietoa painonnostosta aloittelijalle ja kokeneelle: <a href=\"http:\/\/painonnosto.raisanen.org\/?attachment_id=432\" rel=\"attachment wp-att-432\">Painonnoston harjoitteiden merkitys<\/a><\/p>\n<p>Unique Aspects of Competitive Weightlifting: <a href=\"http:\/\/www.allthingsgym.com\/unique-aspects-of-competative-weightlifting-paper\/\" target=\"_blank\">http:\/\/www.allthingsgym.com\/unique-aspects-of-competative-weightlifting-paper\/<\/a><\/p>\n<p><a href=\"https:\/\/docs.google.com\/file\/d\/0BxudPOe5-VPoNDBjY0F5bGxvUWc\/preview\">https:\/\/docs.google.com\/file\/d\/0BxudPOe5-VPoNDBjY0F5bGxvUWc\/preview<\/a><\/p>\n<p>Crossfit lajianalyysi ja harjoittelu: <a href=\"http:\/\/painonnosto.raisanen.org\/?attachment_id=434\" rel=\"attachment wp-att-434\">CROSSFIT Stenman Mari<\/a><\/p>\n<p><b>Voimaharjoittelutrilogia<\/b><br \/>\n<a href=\"http:\/\/www.trainer4you.fi\/blogi\/voimaharjoittelu-osa-1-lihasmassa-ja-kestovoimaharjoittelu\/\" target=\"_blank\">Osa I: Lihasmassa- ja kestovoimaharjoittelu<\/a><br \/>\n<a href=\"http:\/\/www.trainer4you.fi\/blogi\/voimaharjoittelu-osa-2-maksimivoimaharjoittelu\/\" target=\"_blank\">Osa II: Maksimivoimaharjoittelu<\/a><br \/>\n<a href=\"http:\/\/www.trainer4you.fi\/blogi\/voimaharjoittelu-osa-3-nopeusvoimaharjoittelu\/\" target=\"_blank\">Osa III: Nopeusvoimaharjoittelu<\/a><\/p>\n<p>Voimaharjoittelutrilogian <a href=\"https:\/\/dl.dropboxusercontent.com\/u\/66227800\/L%C3%A4hdeluettelo.pdf\" target=\"_blank\">l\u00e4hdeluettelo<\/a><\/p>\n<p>&nbsp;<\/p>\n","protected":false},"excerpt":{"rendered":"<p>Painonnoston harjoitteita hyv\u00e4ksi k\u00e4ytt\u00e4en voidaan lis\u00e4t\u00e4 liikkuvuutta, korjata ep\u00e4tasapainoisen lihaksiston puutteita, lis\u00e4t\u00e4 voimaa ja kest\u00e4vyytt\u00e4 sek\u00e4 opettaa kehon hallintaa. Hyv\u00e4n ryhdin ja lihastasapainon tavoittelu sek\u00e4 oikean nostotavan oppiminen luovat ennen kaikkea edellytykset hyv\u00e4lle el\u00e4m\u00e4nlaadulle jokap\u00e4iv\u00e4isess\u00e4 el\u00e4m\u00e4ss\u00e4 ja toimivat loukkaantumisia ennaltaehk\u00e4isevin\u00e4 tekij\u00f6in\u00e4. Niiden tavoittelu on hyv\u00e4 l\u00e4ht\u00f6kohta voimaharjoitteluun ihan kenelle tahansa. Painonnoston harjoitteet ovat lis\u00e4ksi oivaa [&hellip;]<\/p>\n","protected":false},"author":1,"featured_media":0,"parent":0,"menu_order":0,"comment_status":"closed","ping_status":"open","template":"","meta":{"_monsterinsights_skip_tracking":false,"_monsterinsights_sitenote_active":false,"_monsterinsights_sitenote_note":"","_monsterinsights_sitenote_category":0,"footnotes":""},"class_list":["post-13","page","type-page","status-publish","hentry"],"_links":{"self":[{"href":"https:\/\/painonnosto.raisanen.org\/index.php?rest_route=\/wp\/v2\/pages\/13","targetHints":{"allow":["GET"]}}],"collection":[{"href":"https:\/\/painonnosto.raisanen.org\/index.php?rest_route=\/wp\/v2\/pages"}],"about":[{"href":"https:\/\/painonnosto.raisanen.org\/index.php?rest_route=\/wp\/v2\/types\/page"}],"author":[{"embeddable":true,"href":"https:\/\/painonnosto.raisanen.org\/index.php?rest_route=\/wp\/v2\/users\/1"}],"replies":[{"embeddable":true,"href":"https:\/\/painonnosto.raisanen.org\/index.php?rest_route=%2Fwp%2Fv2%2Fcomments&post=13"}],"version-history":[{"count":12,"href":"https:\/\/painonnosto.raisanen.org\/index.php?rest_route=\/wp\/v2\/pages\/13\/revisions"}],"predecessor-version":[{"id":439,"href":"https:\/\/painonnosto.raisanen.org\/index.php?rest_route=\/wp\/v2\/pages\/13\/revisions\/439"}],"wp:attachment":[{"href":"https:\/\/painonnosto.raisanen.org\/index.php?rest_route=%2Fwp%2Fv2%2Fmedia&parent=13"}],"curies":[{"name":"wp","href":"https:\/\/api.w.org\/{rel}","templated":true}]}}