{"id":145,"date":"2013-01-27T16:21:27","date_gmt":"2013-01-27T14:21:27","guid":{"rendered":"http:\/\/painonnosto.raisanen.org\/?page_id=145"},"modified":"2013-01-27T21:55:36","modified_gmt":"2013-01-27T19:55:36","slug":"tulokset","status":"publish","type":"page","link":"https:\/\/painonnosto.raisanen.org\/?page_id=145","title":{"rendered":"Tulokset"},"content":{"rendered":"<p>27.1.2013 Piirinmestaruuskilpailut, Pet\u00e4j\u00e4vesi &#8211; <a title=\"Piirinmestaruuskilpailujen tulokset\" href=\"http:\/\/painonnosto.raisanen.org\/?page_id=146\">TULOKSET<\/a><\/p>\n<h3>Cup-pisteet 1\/4 osakilpailun j\u00e4lkeen (27.1.2013)<\/h3>\n<ol>\n<li>Ville Hyt\u00f6nen 12<\/li>\n<li>Marko Pietil\u00e4inen 10<\/li>\n<li>Eveliina Hyt\u00f6nen 8<\/li>\n<li>Ilpo Viitala 7<\/li>\n<li>Jussi Savolainen 6<\/li>\n<li>Mari Paananen 5<\/li>\n<li>Tomi Nissinen 4<\/li>\n<li>Matti T\u00f6rm\u00e4 3<\/li>\n<li>Juhani Oikarinen 2<\/li>\n<li>Antti Tiusanen 1<\/li>\n<\/ol>\n<p>&nbsp;<\/p>\n","protected":false},"excerpt":{"rendered":"<p>27.1.2013 Piirinmestaruuskilpailut, Pet\u00e4j\u00e4vesi &#8211; TULOKSET Cup-pisteet 1\/4 osakilpailun j\u00e4lkeen (27.1.2013) Ville Hyt\u00f6nen 12 Marko Pietil\u00e4inen 10 Eveliina Hyt\u00f6nen 8 Ilpo Viitala 7 Jussi Savolainen 6 Mari Paananen 5 Tomi Nissinen 4 Matti T\u00f6rm\u00e4 3 Juhani Oikarinen 2 Antti Tiusanen 1 &nbsp;<\/p>\n","protected":false},"author":1,"featured_media":0,"parent":0,"menu_order":0,"comment_status":"closed","ping_status":"closed","template":"","meta":{"_monsterinsights_skip_tracking":false,"_monsterinsights_sitenote_active":false,"_monsterinsights_sitenote_note":"","_monsterinsights_sitenote_category":0,"footnotes":""},"class_list":["post-145","page","type-page","status-publish","hentry"],"_links":{"self":[{"href":"https:\/\/painonnosto.raisanen.org\/index.php?rest_route=\/wp\/v2\/pages\/145","targetHints":{"allow":["GET"]}}],"collection":[{"href":"https:\/\/painonnosto.raisanen.org\/index.php?rest_route=\/wp\/v2\/pages"}],"about":[{"href":"https:\/\/painonnosto.raisanen.org\/index.php?rest_route=\/wp\/v2\/types\/page"}],"author":[{"embeddable":true,"href":"https:\/\/painonnosto.raisanen.org\/index.php?rest_route=\/wp\/v2\/users\/1"}],"replies":[{"embeddable":true,"href":"https:\/\/painonnosto.raisanen.org\/index.php?rest_route=%2Fwp%2Fv2%2Fcomments&post=145"}],"version-history":[{"count":4,"href":"https:\/\/painonnosto.raisanen.org\/index.php?rest_route=\/wp\/v2\/pages\/145\/revisions"}],"predecessor-version":[{"id":166,"href":"https:\/\/painonnosto.raisanen.org\/index.php?rest_route=\/wp\/v2\/pages\/145\/revisions\/166"}],"wp:attachment":[{"href":"https:\/\/painonnosto.raisanen.org\/index.php?rest_route=%2Fwp%2Fv2%2Fmedia&parent=145"}],"curies":[{"name":"wp","href":"https:\/\/api.w.org\/{rel}","templated":true}]}}