{"id":146,"date":"2013-01-27T16:22:49","date_gmt":"2013-01-27T14:22:49","guid":{"rendered":"http:\/\/painonnosto.raisanen.org\/?page_id=146"},"modified":"2013-01-27T21:53:16","modified_gmt":"2013-01-27T19:53:16","slug":"piirinmestaruuskilpailujen-tulokset","status":"publish","type":"page","link":"https:\/\/painonnosto.raisanen.org\/?page_id=146","title":{"rendered":"Piirinmestaruuskilpailut 2013"},"content":{"rendered":"<h2>Keski-Suomen piirinmestaruuskilpailut, Pet\u00e4j\u00e4vesi<\/h2>\n<p>27.1.2013<\/p>\n<p><strong>Naiset<\/strong><\/p>\n<p>Sarja +75 kg<\/p>\n<ol>\n<li>Eveliina Hyt\u00f6nen \u00c4H (-92\/88,3) 157 kg (tempaus 66 + ty\u00f6nt\u00f6 91) 174,21 pist<\/li>\n<li>Mari Paananen \u00c4H (-76\/80,2) 136 kg (60+76) 157,44 pist<\/li>\n<\/ol>\n<p><strong>Miehet<\/strong><\/p>\n<p>Sarja 69 kg<\/p>\n<ol>\n<li>Matti T\u00f6rm\u00e4 SumKu (-51\/68,4) 145 kg (63+82) 196,16 pist<\/li>\n<li>Juhani Oikarinen KelVi (-38\/68,5) 115 kg (45+70) 155,43 pist<\/li>\n<\/ol>\n<p>Sarja 85 kg<\/p>\n<ol>\n<li>Jussi Savolainen KonnU (-84\/81,2) 220 kg (100+120) 269,13 pist<\/li>\n<li>Pekka Terho KelVi (-54\/77,7) 125 kg (50+75) 156,62 pist<\/li>\n<\/ol>\n<p>Sarja 94 kg<\/p>\n<ol>\n<li>Ville Hyt\u00f6nen KonnU (-82\/89,8) 275 kg (115+160) 320,14 pist<\/li>\n<li>Ilpo Viitala ViPa (-77\/87,9) 235 kg (105+130) 276,31 pist<\/li>\n<li>Jani Senil\u00e4 ViPa (-74\/93,2) 170 kg (70+100) 194,66 pist<\/li>\n<li>Risto H\u00e5rd KelVi (-60\/86,4) 140 kg (60+80) 165,97 pist<\/li>\n<\/ol>\n<p>Sarja 105 kg<\/p>\n<ol>\n<li>Marko Pietil\u00e4inen KelVi (-81\/104,3) 277 kg (120+157) 303,44 pist<\/li>\n<\/ol>\n<p>Sarja +105kg<\/p>\n<ol>\n<li>Tomi Nissinen KelVi (-75\/124,2) 245 kg (105+140) 254,93 pist<\/li>\n<li>Antti Tiusanen KonnU (-82\/107,7) 195 kg (85+110) 211,27 pist<\/li>\n<\/ol>\n<p><span style=\"line-height: 24px;\">\u00a0<\/span><\/p>\n<h4>Bundesliiga-pisteet<\/h4>\n<ol>\n<li>Ville Hyt\u00f6nen 97<\/li>\n<li>Marko Pietil\u00e4inen 75<\/li>\n<li>Eveliina Hyt\u00f6nen 65<\/li>\n<li>Ilpo Viitala 61<\/li>\n<li>Jussi Savolainen 58<\/li>\n<li>Mari Paananen 51<\/li>\n<li>Tomi Nissinen 26<\/li>\n<li>Matti T\u00f6rm\u00e4 18<\/li>\n<li>Juhani Oikarinen -12<\/li>\n<li>Antti Tiusanen -12<\/li>\n<li>Jani Senil\u00e4 -16<\/li>\n<li>Pekka Terho -26<\/li>\n<li>Risto H\u00e5rd -32<\/li>\n<\/ol>\n","protected":false},"excerpt":{"rendered":"<p>Keski-Suomen piirinmestaruuskilpailut, Pet\u00e4j\u00e4vesi 27.1.2013 Naiset Sarja +75 kg Eveliina Hyt\u00f6nen \u00c4H (-92\/88,3) 157 kg (tempaus 66 + ty\u00f6nt\u00f6 91) 174,21 pist Mari Paananen \u00c4H (-76\/80,2) 136 kg (60+76) 157,44 pist Miehet Sarja 69 kg Matti T\u00f6rm\u00e4 SumKu (-51\/68,4) 145 kg (63+82) 196,16 pist Juhani Oikarinen KelVi (-38\/68,5) 115 kg (45+70) 155,43 pist Sarja 85 kg [&hellip;]<\/p>\n","protected":false},"author":1,"featured_media":0,"parent":0,"menu_order":0,"comment_status":"closed","ping_status":"closed","template":"","meta":{"_monsterinsights_skip_tracking":false,"_monsterinsights_sitenote_active":false,"_monsterinsights_sitenote_note":"","_monsterinsights_sitenote_category":0,"footnotes":""},"class_list":["post-146","page","type-page","status-publish","hentry"],"_links":{"self":[{"href":"https:\/\/painonnosto.raisanen.org\/index.php?rest_route=\/wp\/v2\/pages\/146","targetHints":{"allow":["GET"]}}],"collection":[{"href":"https:\/\/painonnosto.raisanen.org\/index.php?rest_route=\/wp\/v2\/pages"}],"about":[{"href":"https:\/\/painonnosto.raisanen.org\/index.php?rest_route=\/wp\/v2\/types\/page"}],"author":[{"embeddable":true,"href":"https:\/\/painonnosto.raisanen.org\/index.php?rest_route=\/wp\/v2\/users\/1"}],"replies":[{"embeddable":true,"href":"https:\/\/painonnosto.raisanen.org\/index.php?rest_route=%2Fwp%2Fv2%2Fcomments&post=146"}],"version-history":[{"count":6,"href":"https:\/\/painonnosto.raisanen.org\/index.php?rest_route=\/wp\/v2\/pages\/146\/revisions"}],"predecessor-version":[{"id":153,"href":"https:\/\/painonnosto.raisanen.org\/index.php?rest_route=\/wp\/v2\/pages\/146\/revisions\/153"}],"wp:attachment":[{"href":"https:\/\/painonnosto.raisanen.org\/index.php?rest_route=%2Fwp%2Fv2%2Fmedia&parent=146"}],"curies":[{"name":"wp","href":"https:\/\/api.w.org\/{rel}","templated":true}]}}