{"id":16,"date":"2013-01-06T16:21:09","date_gmt":"2013-01-06T16:21:09","guid":{"rendered":"http:\/\/painonnosto.raisanen.org\/?page_id=16"},"modified":"2019-09-22T20:52:47","modified_gmt":"2019-09-22T18:52:47","slug":"piiriennatykset","status":"publish","type":"page","link":"https:\/\/painonnosto.raisanen.org\/?page_id=16","title":{"rendered":"Piirienn\u00e4tykset"},"content":{"rendered":"<p>Keski-Suomen piirin painonnoston enn\u00e4tykset.<\/p>\n<p>Piirienn\u00e4tyksi\u00e4 yll\u00e4pidet\u00e4\u00e4n seuraavissa luokissa:<\/p>\n<ul>\n<li><a title=\"Naiset\" href=\"http:\/\/painonnosto.raisanen.org\/?page_id=51\">Naiset<\/a><\/li>\n<li><a title=\"Miehet\" href=\"http:\/\/painonnosto.raisanen.org\/?page_id=39\">Miehet<\/a><\/li>\n<\/ul>\n<p>Nuorten ja Masters-ik\u00e4luokkien piirienn\u00e4tyksi\u00e4 ei olla\u00a0viime vuosina yll\u00e4pidetty. Mik\u00e4li t\u00e4h\u00e4n l\u00f6ytyy kiinnostuneita, kehotamme ottamaan yhteytt\u00e4 Janne Riekkiseen (janne.p.h.riekkinen@gmail.com).<\/p>\n","protected":false},"excerpt":{"rendered":"<p>Keski-Suomen piirin painonnoston enn\u00e4tykset. Piirienn\u00e4tyksi\u00e4 yll\u00e4pidet\u00e4\u00e4n seuraavissa luokissa: Naiset Miehet Nuorten ja Masters-ik\u00e4luokkien piirienn\u00e4tyksi\u00e4 ei olla\u00a0viime vuosina yll\u00e4pidetty. Mik\u00e4li t\u00e4h\u00e4n l\u00f6ytyy kiinnostuneita, kehotamme ottamaan yhteytt\u00e4 Janne Riekkiseen (janne.p.h.riekkinen@gmail.com).<\/p>\n","protected":false},"author":1,"featured_media":0,"parent":0,"menu_order":0,"comment_status":"closed","ping_status":"open","template":"","meta":{"_monsterinsights_skip_tracking":false,"_monsterinsights_sitenote_active":false,"_monsterinsights_sitenote_note":"","_monsterinsights_sitenote_category":0,"footnotes":""},"class_list":["post-16","page","type-page","status-publish","hentry"],"_links":{"self":[{"href":"https:\/\/painonnosto.raisanen.org\/index.php?rest_route=\/wp\/v2\/pages\/16","targetHints":{"allow":["GET"]}}],"collection":[{"href":"https:\/\/painonnosto.raisanen.org\/index.php?rest_route=\/wp\/v2\/pages"}],"about":[{"href":"https:\/\/painonnosto.raisanen.org\/index.php?rest_route=\/wp\/v2\/types\/page"}],"author":[{"embeddable":true,"href":"https:\/\/painonnosto.raisanen.org\/index.php?rest_route=\/wp\/v2\/users\/1"}],"replies":[{"embeddable":true,"href":"https:\/\/painonnosto.raisanen.org\/index.php?rest_route=%2Fwp%2Fv2%2Fcomments&post=16"}],"version-history":[{"count":8,"href":"https:\/\/painonnosto.raisanen.org\/index.php?rest_route=\/wp\/v2\/pages\/16\/revisions"}],"predecessor-version":[{"id":1399,"href":"https:\/\/painonnosto.raisanen.org\/index.php?rest_route=\/wp\/v2\/pages\/16\/revisions\/1399"}],"wp:attachment":[{"href":"https:\/\/painonnosto.raisanen.org\/index.php?rest_route=%2Fwp%2Fv2%2Fmedia&parent=16"}],"curies":[{"name":"wp","href":"https:\/\/api.w.org\/{rel}","templated":true}]}}