{"id":2,"date":"2013-01-05T17:54:08","date_gmt":"2013-01-05T15:54:08","guid":{"rendered":"http:\/\/painonnosto.raisanen.org\/?page_id=2"},"modified":"2021-04-10T21:29:51","modified_gmt":"2021-04-10T19:29:51","slug":"sample-page","status":"publish","type":"page","link":"https:\/\/painonnosto.raisanen.org\/?page_id=2","title":{"rendered":"Yhteystiedot"},"content":{"rendered":"<h3><strong>Keski-Suomen painonnoston yhteystietoja<\/strong><\/h3>\n<p><strong>Keski-Suomen aluekoordinaattori \/ yhteyshenkil\u00f6 SPNL:<\/strong><br \/>\nJanne Riekkinen<br \/>\njanne.p.h.riekkinen@gmail.com<br \/>\n050 462 1314<\/p>\n<p><strong>Tuomarikouluttaja:<\/strong><br \/>\nJyrki Kononen<br \/>\njyrki.kononen@hotmail.fi<\/p>\n<p><span style=\"text-decoration: underline;\"><strong>SEUROJEN YHTEYSHENKIL\u00d6T<\/strong><\/span><\/p>\n<p><strong>Jyv\u00e4skyl\u00e4:<\/strong>\u00a0<a href=\"https:\/\/www.harjunwoima.fi\/\"><strong>Harjun Woima Jyv\u00e4skyl\u00e4<\/strong><\/a><br \/>\nToni Puurunen,\u00a0tonipuurunen@hotmail.com<\/p>\n<p><strong>Jyv\u00e4skyl\u00e4:\u00a0<\/strong><a href=\"https:\/\/keljonviesti.seura.info\"><strong>Keljon Viesti<\/strong><\/a><strong><br \/>\n<\/strong>Janne Riekkinen, janne.p.h.riekkinen@gmail.com, 050 462 1314<\/p>\n<p><strong>Laukaa: <a href=\"http:\/\/kahvakuula.fi\/\">Suomen Kahvakuula<\/a><\/strong><br \/>\nSanna-Maija Loikkanen, hallitus@kahvakuula.fi, +358405370263<\/p>\n<p><strong>Laukaa:<\/strong> <a href=\"http:\/\/www.vihtavuorenpamaus.net\"><strong>Vihtavuoren Pamaus<\/strong><\/a><strong><br \/>\n<\/strong>Pentti Noronen, pentti.noronen@gmail.com,\u00a0040 7063 216<\/p>\n<p><strong>Konnevesi: <a href=\"https:\/\/konnu.sporttisaitti.com\/\">Konneveden Urheilijat<\/a><br \/>\n<\/strong>Juho Laitinen, juho.m.laitinen@gmail.com, +358505882323<\/p>\n<p><strong>\u00c4\u00e4nekoski:<\/strong> <a href=\"https:\/\/www.huima.org\/jaostot\/voimailu\/\"><strong>\u00c4\u00e4nekosken\u00a0Huima<\/strong><\/a><br \/>\nMari Paananen, maripaa@hotmail.com, 040 768 5405<\/p>\n<p><strong>\u00c4\u00e4nekoski: Sumiaisten Kunto<\/strong><br \/>\nMatti Pietil\u00e4inen, matti.pieti@saunalahti.fi, +358400797523<\/p>\n<p>&nbsp;<\/p>\n<p>https:\/\/painonnosto.fi\/liitto\/jasenseurat\/<\/p>\n","protected":false},"excerpt":{"rendered":"<p>Keski-Suomen painonnoston yhteystietoja Keski-Suomen aluekoordinaattori \/ yhteyshenkil\u00f6 SPNL: Janne Riekkinen janne.p.h.riekkinen@gmail.com 050 462 1314 Tuomarikouluttaja: Jyrki Kononen jyrki.kononen@hotmail.fi SEUROJEN YHTEYSHENKIL\u00d6T Jyv\u00e4skyl\u00e4:\u00a0Harjun Woima Jyv\u00e4skyl\u00e4 Toni Puurunen,\u00a0tonipuurunen@hotmail.com Jyv\u00e4skyl\u00e4:\u00a0Keljon Viesti Janne Riekkinen, janne.p.h.riekkinen@gmail.com, 050 462 1314 Laukaa: Suomen Kahvakuula Sanna-Maija Loikkanen, hallitus@kahvakuula.fi, +358405370263 Laukaa: Vihtavuoren Pamaus Pentti Noronen, pentti.noronen@gmail.com,\u00a0040 7063 216 Konnevesi: Konneveden Urheilijat Juho Laitinen, juho.m.laitinen@gmail.com, +358505882323 [&hellip;]<\/p>\n","protected":false},"author":1,"featured_media":0,"parent":0,"menu_order":0,"comment_status":"closed","ping_status":"closed","template":"","meta":{"_monsterinsights_skip_tracking":false,"_monsterinsights_sitenote_active":false,"_monsterinsights_sitenote_note":"","_monsterinsights_sitenote_category":0,"footnotes":""},"class_list":["post-2","page","type-page","status-publish","hentry"],"_links":{"self":[{"href":"https:\/\/painonnosto.raisanen.org\/index.php?rest_route=\/wp\/v2\/pages\/2","targetHints":{"allow":["GET"]}}],"collection":[{"href":"https:\/\/painonnosto.raisanen.org\/index.php?rest_route=\/wp\/v2\/pages"}],"about":[{"href":"https:\/\/painonnosto.raisanen.org\/index.php?rest_route=\/wp\/v2\/types\/page"}],"author":[{"embeddable":true,"href":"https:\/\/painonnosto.raisanen.org\/index.php?rest_route=\/wp\/v2\/users\/1"}],"replies":[{"embeddable":true,"href":"https:\/\/painonnosto.raisanen.org\/index.php?rest_route=%2Fwp%2Fv2%2Fcomments&post=2"}],"version-history":[{"count":34,"href":"https:\/\/painonnosto.raisanen.org\/index.php?rest_route=\/wp\/v2\/pages\/2\/revisions"}],"predecessor-version":[{"id":1565,"href":"https:\/\/painonnosto.raisanen.org\/index.php?rest_route=\/wp\/v2\/pages\/2\/revisions\/1565"}],"wp:attachment":[{"href":"https:\/\/painonnosto.raisanen.org\/index.php?rest_route=%2Fwp%2Fv2%2Fmedia&parent=2"}],"curies":[{"name":"wp","href":"https:\/\/api.w.org\/{rel}","templated":true}]}}