{"id":65,"date":"2013-01-06T23:00:24","date_gmt":"2013-01-06T21:00:24","guid":{"rendered":"http:\/\/painonnosto.raisanen.org\/?page_id=65"},"modified":"2013-12-27T14:24:39","modified_gmt":"2013-12-27T12:24:39","slug":"keski-suomen-pm-kilpailut-27-1-2013","status":"publish","type":"page","link":"https:\/\/painonnosto.raisanen.org\/?page_id=65","title":{"rendered":"Keski-Suomen pm-kilpailut 26.1.2014"},"content":{"rendered":"<p><strong>Aika:<\/strong> sunnuntai 26.1.2014 klo 12:00<\/p>\n<p><strong>Punnitus:<\/strong> klo 10:00-11:00<\/p>\n<p><strong>Paikka:<\/strong>\u00a0Kellankoskentie 480, 44300 Konnevesi (sama paikka kuin v. 2011)<\/p>\n<p><strong>Lis\u00e4tiedot ja ilmoittautuminen:<\/strong>\u00a0Matti Kupari, puh. 050 309 1257, matti_kupari@hotmail.com<br \/>\nJ\u00e4rjest\u00e4jien kannalta on hyv\u00e4, jos ilmoittaudutaan jo etuk\u00e4teen 19.1.menness\u00e4,\u00a0my\u00f6s j\u00e4lki-ilmoittautumiset hyv\u00e4ksyt\u00e4\u00e4n.<\/p>\n<p><strong>Osanottomaksu:<\/strong> ei osanottomaksua<\/p>\n<p><strong>Tervetuloa!<\/strong><\/p>\n<p><em>Konneveden Urheilijat ry<\/em><\/p>\n","protected":false},"excerpt":{"rendered":"<p>Aika: sunnuntai 26.1.2014 klo 12:00 Punnitus: klo 10:00-11:00 Paikka:\u00a0Kellankoskentie 480, 44300 Konnevesi (sama paikka kuin v. 2011) Lis\u00e4tiedot ja ilmoittautuminen:\u00a0Matti Kupari, puh. 050 309 1257, matti_kupari@hotmail.com J\u00e4rjest\u00e4jien kannalta on hyv\u00e4, jos ilmoittaudutaan jo etuk\u00e4teen 19.1.menness\u00e4,\u00a0my\u00f6s j\u00e4lki-ilmoittautumiset hyv\u00e4ksyt\u00e4\u00e4n. Osanottomaksu: ei osanottomaksua Tervetuloa! Konneveden Urheilijat ry<\/p>\n","protected":false},"author":1,"featured_media":0,"parent":0,"menu_order":0,"comment_status":"closed","ping_status":"closed","template":"","meta":{"_monsterinsights_skip_tracking":false,"_monsterinsights_sitenote_active":false,"_monsterinsights_sitenote_note":"","_monsterinsights_sitenote_category":0,"footnotes":""},"class_list":["post-65","page","type-page","status-publish","hentry"],"_links":{"self":[{"href":"https:\/\/painonnosto.raisanen.org\/index.php?rest_route=\/wp\/v2\/pages\/65","targetHints":{"allow":["GET"]}}],"collection":[{"href":"https:\/\/painonnosto.raisanen.org\/index.php?rest_route=\/wp\/v2\/pages"}],"about":[{"href":"https:\/\/painonnosto.raisanen.org\/index.php?rest_route=\/wp\/v2\/types\/page"}],"author":[{"embeddable":true,"href":"https:\/\/painonnosto.raisanen.org\/index.php?rest_route=\/wp\/v2\/users\/1"}],"replies":[{"embeddable":true,"href":"https:\/\/painonnosto.raisanen.org\/index.php?rest_route=%2Fwp%2Fv2%2Fcomments&post=65"}],"version-history":[{"count":8,"href":"https:\/\/painonnosto.raisanen.org\/index.php?rest_route=\/wp\/v2\/pages\/65\/revisions"}],"predecessor-version":[{"id":283,"href":"https:\/\/painonnosto.raisanen.org\/index.php?rest_route=\/wp\/v2\/pages\/65\/revisions\/283"}],"wp:attachment":[{"href":"https:\/\/painonnosto.raisanen.org\/index.php?rest_route=%2Fwp%2Fv2%2Fmedia&parent=65"}],"curies":[{"name":"wp","href":"https:\/\/api.w.org\/{rel}","templated":true}]}}