{"id":78,"date":"2013-01-07T08:57:46","date_gmt":"2013-01-07T06:57:46","guid":{"rendered":"http:\/\/painonnosto.raisanen.org\/?page_id=78"},"modified":"2020-09-17T16:21:47","modified_gmt":"2020-09-17T14:21:47","slug":"linkit","status":"publish","type":"page","link":"https:\/\/painonnosto.raisanen.org\/?page_id=78","title":{"rendered":"Linkit"},"content":{"rendered":"<p><strong style=\"line-height: 1.714285714; font-size: 1rem;\">Suomen Painonnostoliitto<\/strong> &#8211; <a style=\"line-height: 1.714285714; font-size: 1rem;\" href=\"http:\/\/www.painonnosto.fi\" target=\"_blank\" rel=\"noopener\">www.painonnosto.fi<\/a><\/p>\n<ul style=\"line-height: 23px;\">\n<li><a href=\"https:\/\/painonnosto.fi\/liitto\/liiton-saannosto\/iwfn-tekniset-saannot\/\" target=\"_blank\" rel=\"noopener\">Painonnoston kilpailus\u00e4\u00e4nn\u00f6t<\/a><\/li>\n<li>Painonnostolisenssi &#8211;\u00a0<a href=\"https:\/\/www.suomisport.fi\/\">https:\/\/www.suomisport.fi\/<\/a><\/li>\n<\/ul>\n<p><span class=\"Apple-style-span\" style=\"line-height: 23px;\" data-mce-mark=\"1\"><strong>Seurat<\/strong><\/span><\/p>\n<ul>\n<li>Harjun Woima Jyv\u00e4skyl\u00e4 &#8211;\u00a0<a href=\"https:\/\/www.harjunwoima.fi\/\" target=\"_blank\" rel=\"noopener\">https:\/\/www.harjunwoima.fi\/<\/a><\/li>\n<li>Keljon Viesti &#8211;\u00a0<a href=\"https:\/\/keljonviesti.seura.info\" target=\"_blank\" rel=\"noopener\">https:\/\/keljonviesti.seura.info<\/a><\/li>\n<li>Keski-Suomen Voimailijat &#8211;\u00a0<a href=\"http:\/\/users.jyu.fi\/~masavone\/www\/seura\/\" target=\"_blank\" rel=\"noopener\">http:\/\/users.jyu.fi\/~masavone\/www\/seura\/<\/a><\/li>\n<li>Konneveden Urheilijat &#8211;\u00a0<a href=\"https:\/\/konnu.sporttisaitti.com\/\" target=\"_blank\" rel=\"noopener\">https:\/\/konnu.sporttisaitti.com\/<\/a><\/li>\n<li>Suomen kahvakuula &#8211;\u00a0<a href=\"http:\/\/kahvakuula.fi\/\" target=\"_blank\" rel=\"noopener\">http:\/\/kahvakuula.fi\/<\/a><\/li>\n<li>Sumiaisten Kunto &#8211; ?<\/li>\n<li>Vihtavuoren Pamaus &#8211; <a href=\"http:\/\/www.vihtavuorenpamaus.net\/\" target=\"_blank\" rel=\"noopener\">http:\/\/www.vihtavuorenpamaus.net\/<\/a><\/li>\n<li>\u00c4\u00e4nekosken Huima &#8211;\u00a0<a href=\"http:\/\/www.huima.org\" target=\"_blank\" rel=\"noopener\">www.huima.org<\/a><\/li>\n<\/ul>\n<p><strong>CrossFit-salit<\/strong><\/p>\n<ul>\n<li>CrossFit Jyv\u00e4skyl\u00e4 &#8211; <a href=\"https:\/\/crossfitjyvaskyla.fi\">https:\/\/crossfitjyvaskyla.fi<\/a><\/li>\n<li>CrossFit 40100 &#8211;\u00a0<a href=\"https:\/\/crossfit40100.com\/\">https:\/\/crossfit40100.com\/<\/a><\/li>\n<\/ul>\n<p>&nbsp;<\/p>\n","protected":false},"excerpt":{"rendered":"<p>Suomen Painonnostoliitto &#8211; www.painonnosto.fi Painonnoston kilpailus\u00e4\u00e4nn\u00f6t Painonnostolisenssi &#8211;\u00a0https:\/\/www.suomisport.fi\/ Seurat Harjun Woima Jyv\u00e4skyl\u00e4 &#8211;\u00a0https:\/\/www.harjunwoima.fi\/ Keljon Viesti &#8211;\u00a0https:\/\/keljonviesti.seura.info Keski-Suomen Voimailijat &#8211;\u00a0http:\/\/users.jyu.fi\/~masavone\/www\/seura\/ Konneveden Urheilijat &#8211;\u00a0https:\/\/konnu.sporttisaitti.com\/ Suomen kahvakuula &#8211;\u00a0http:\/\/kahvakuula.fi\/ Sumiaisten Kunto &#8211; ? Vihtavuoren Pamaus &#8211; http:\/\/www.vihtavuorenpamaus.net\/ \u00c4\u00e4nekosken Huima &#8211;\u00a0www.huima.org CrossFit-salit CrossFit Jyv\u00e4skyl\u00e4 &#8211; https:\/\/crossfitjyvaskyla.fi CrossFit 40100 &#8211;\u00a0https:\/\/crossfit40100.com\/ &nbsp;<\/p>\n","protected":false},"author":1,"featured_media":0,"parent":0,"menu_order":0,"comment_status":"closed","ping_status":"closed","template":"","meta":{"_monsterinsights_skip_tracking":false,"_monsterinsights_sitenote_active":false,"_monsterinsights_sitenote_note":"","_monsterinsights_sitenote_category":0,"footnotes":""},"class_list":["post-78","page","type-page","status-publish","hentry"],"_links":{"self":[{"href":"https:\/\/painonnosto.raisanen.org\/index.php?rest_route=\/wp\/v2\/pages\/78","targetHints":{"allow":["GET"]}}],"collection":[{"href":"https:\/\/painonnosto.raisanen.org\/index.php?rest_route=\/wp\/v2\/pages"}],"about":[{"href":"https:\/\/painonnosto.raisanen.org\/index.php?rest_route=\/wp\/v2\/types\/page"}],"author":[{"embeddable":true,"href":"https:\/\/painonnosto.raisanen.org\/index.php?rest_route=\/wp\/v2\/users\/1"}],"replies":[{"embeddable":true,"href":"https:\/\/painonnosto.raisanen.org\/index.php?rest_route=%2Fwp%2Fv2%2Fcomments&post=78"}],"version-history":[{"count":13,"href":"https:\/\/painonnosto.raisanen.org\/index.php?rest_route=\/wp\/v2\/pages\/78\/revisions"}],"predecessor-version":[{"id":1501,"href":"https:\/\/painonnosto.raisanen.org\/index.php?rest_route=\/wp\/v2\/pages\/78\/revisions\/1501"}],"wp:attachment":[{"href":"https:\/\/painonnosto.raisanen.org\/index.php?rest_route=%2Fwp%2Fv2%2Fmedia&parent=78"}],"curies":[{"name":"wp","href":"https:\/\/api.w.org\/{rel}","templated":true}]}}