{"id":804,"date":"2016-01-04T14:04:34","date_gmt":"2016-01-04T12:04:34","guid":{"rendered":"http:\/\/painonnosto.raisanen.org\/?page_id=804"},"modified":"2016-01-04T14:08:22","modified_gmt":"2016-01-04T12:08:22","slug":"piirinmestaruuskilpailut-2016","status":"publish","type":"page","link":"https:\/\/painonnosto.raisanen.org\/?page_id=804","title":{"rendered":"Piirinmestaruuskilpailut 2016"},"content":{"rendered":"<p>Keski\u00adSuomen piirinmestaruuskilpailut 30.01.2016<\/p>\n<p>Ajankohta:\u00a030.01.2016<\/p>\n<p>J\u00e4rjest\u00e4v\u00e4 seura:\u00a0Voimistelu\u00ad ja Urheiluseura Keljon Viesti<\/p>\n<p>Paikka:\u00a0Valorinne Kyll\u00f6l\u00e4ntie 16, Jyv\u00e4skyl\u00e4<\/p>\n<p><strong>Kutsu<\/strong><\/p>\n<p>Miesten ja naisten sek\u00e4 veteraanien viralliset sarjat.<\/p>\n<p>Tuomarit voivat my\u00f6s ilmoittautua.<\/p>\n<p>Kilpailun taso:\u00a0kansallinen<\/p>\n<p>Kilpailuaika:\u00a012:00<\/p>\n<p>Punnitusaika:\u00a010:00-\u00ad11:00<\/p>\n<p>Ilmoittautuminen 25.01.2016 menness\u00e4,\u00a0Risto H\u00e5rd,\u00a0046\u00ad9091929,\u00a0risto.hard@luukku.com<\/p>\n","protected":false},"excerpt":{"rendered":"<p>Keski\u00adSuomen piirinmestaruuskilpailut 30.01.2016 Ajankohta:\u00a030.01.2016 J\u00e4rjest\u00e4v\u00e4 seura:\u00a0Voimistelu\u00ad ja Urheiluseura Keljon Viesti Paikka:\u00a0Valorinne Kyll\u00f6l\u00e4ntie 16, Jyv\u00e4skyl\u00e4 Kutsu Miesten ja naisten sek\u00e4 veteraanien viralliset sarjat. Tuomarit voivat my\u00f6s ilmoittautua. Kilpailun taso:\u00a0kansallinen Kilpailuaika:\u00a012:00 Punnitusaika:\u00a010:00-\u00ad11:00 Ilmoittautuminen 25.01.2016 menness\u00e4,\u00a0Risto H\u00e5rd,\u00a0046\u00ad9091929,\u00a0risto.hard@luukku.com<\/p>\n","protected":false},"author":1,"featured_media":0,"parent":0,"menu_order":0,"comment_status":"closed","ping_status":"closed","template":"","meta":{"_monsterinsights_skip_tracking":false,"_monsterinsights_sitenote_active":false,"_monsterinsights_sitenote_note":"","_monsterinsights_sitenote_category":0,"footnotes":""},"class_list":["post-804","page","type-page","status-publish","hentry"],"_links":{"self":[{"href":"https:\/\/painonnosto.raisanen.org\/index.php?rest_route=\/wp\/v2\/pages\/804","targetHints":{"allow":["GET"]}}],"collection":[{"href":"https:\/\/painonnosto.raisanen.org\/index.php?rest_route=\/wp\/v2\/pages"}],"about":[{"href":"https:\/\/painonnosto.raisanen.org\/index.php?rest_route=\/wp\/v2\/types\/page"}],"author":[{"embeddable":true,"href":"https:\/\/painonnosto.raisanen.org\/index.php?rest_route=\/wp\/v2\/users\/1"}],"replies":[{"embeddable":true,"href":"https:\/\/painonnosto.raisanen.org\/index.php?rest_route=%2Fwp%2Fv2%2Fcomments&post=804"}],"version-history":[{"count":2,"href":"https:\/\/painonnosto.raisanen.org\/index.php?rest_route=\/wp\/v2\/pages\/804\/revisions"}],"predecessor-version":[{"id":809,"href":"https:\/\/painonnosto.raisanen.org\/index.php?rest_route=\/wp\/v2\/pages\/804\/revisions\/809"}],"wp:attachment":[{"href":"https:\/\/painonnosto.raisanen.org\/index.php?rest_route=%2Fwp%2Fv2%2Fmedia&parent=804"}],"curies":[{"name":"wp","href":"https:\/\/api.w.org\/{rel}","templated":true}]}}